{"id":3169,"date":"2024-07-16T15:07:14","date_gmt":"2024-07-16T20:07:14","guid":{"rendered":"https:\/\/centraal.studio\/?page_id=3169"},"modified":"2024-07-18T20:57:23","modified_gmt":"2024-07-19T01:57:23","slug":"centraal-software-studio","status":"publish","type":"page","link":"https:\/\/centraal.studio\/es_co\/centraal-software-studio\/","title":{"rendered":"Centraal Software Studio"},"content":{"rendered":"\t\t<div data-elementor-type=\"wp-page\" data-elementor-id=\"3169\" class=\"elementor elementor-3169\" data-elementor-post-type=\"page\">\n\t\t\t\t<section class=\"elementor-element elementor-element-b9b3a9f e-flex e-con-boxed e-con e-parent\" data-id=\"b9b3a9f\" data-element_type=\"container\" data-e-type=\"container\" data-settings=\"{&quot;background_background&quot;:&quot;classic&quot;}\">\n\t\t\t\t\t<div class=\"e-con-inner\">\n\t\t<div class=\"elementor-element elementor-element-6c0aa0a e-con-full fade-in_centraal_background e-flex e-con e-child\" data-id=\"6c0aa0a\" data-element_type=\"container\" data-e-type=\"container\" data-settings=\"{&quot;background_background&quot;:&quot;classic&quot;,&quot;position&quot;:&quot;absolute&quot;}\">\n\t\t\t\t<\/div>\n\t\t<div class=\"elementor-element elementor-element-4e0b05f animated-fast e-flex e-con-boxed elementor-invisible e-con e-child\" data-id=\"4e0b05f\" data-element_type=\"container\" data-e-type=\"container\" data-settings=\"{&quot;animation&quot;:&quot;fadeIn&quot;}\">\n\t\t\t\t\t<div class=\"e-con-inner\">\n\t\t<div class=\"elementor-element elementor-element-56fbeb1 e-con-full e-flex e-con e-child\" data-id=\"56fbeb1\" data-element_type=\"container\" data-e-type=\"container\">\n\t\t\t\t<div class=\"elementor-element elementor-element-79d8dd1 fade-in-element elementor-widget elementor-widget-heading\" data-id=\"79d8dd1\" data-element_type=\"widget\" data-e-type=\"widget\" data-widget_type=\"heading.default\">\n\t\t\t\t<div class=\"elementor-widget-container\">\n\t\t\t\t\t<h1 class=\"elementor-heading-title elementor-size-default\">Sobre Centraal Software Studio<\/h1>\t\t\t\t<\/div>\n\t\t\t\t<\/div>\n\t\t<div class=\"elementor-element elementor-element-cb1c354 e-con-full fade-in-element e-flex e-con e-child\" data-id=\"cb1c354\" data-element_type=\"container\" data-e-type=\"container\">\n\t\t\t\t<div class=\"elementor-element elementor-element-51c9cd8 elementor-widget__width-initial elementor-widget elementor-widget-heading\" data-id=\"51c9cd8\" data-element_type=\"widget\" data-e-type=\"widget\" data-widget_type=\"heading.default\">\n\t\t\t\t<div class=\"elementor-widget-container\">\n\t\t\t\t\t<div class=\"elementor-heading-title elementor-size-default\">Centraal es un estudio de software que se especializa en transformar desaf\u00edos digitales complejos en soluciones elegantes y efectivas.<\/div>\t\t\t\t<\/div>\n\t\t\t\t<\/div>\n\t\t\t\t<div class=\"elementor-element elementor-element-3a9a09f elementor-widget__width-initial elementor-widget elementor-widget-heading\" data-id=\"3a9a09f\" data-element_type=\"widget\" data-e-type=\"widget\" data-widget_type=\"heading.default\">\n\t\t\t\t<div class=\"elementor-widget-container\">\n\t\t\t\t\t<div class=\"elementor-heading-title elementor-size-default\">Somos arquitectos creativos de la transformaci\u00f3n digital, enfocados en empoderar a las empresas SAP-c\u00e9ntricas para alcanzar su m\u00e1ximo potencial.<\/div>\t\t\t\t<\/div>\n\t\t\t\t<\/div>\n\t\t\t\t<\/div>\n\t\t\t\t<\/div>\n\t\t\t\t\t<\/div>\n\t\t\t\t<\/div>\n\t\t\t\t\t<\/div>\n\t\t\t\t<\/section>\n\t\t<div class=\"elementor-element elementor-element-4b6e427 e-flex e-con-boxed e-con e-parent\" data-id=\"4b6e427\" data-element_type=\"container\" data-e-type=\"container\" id=\"contacto\">\n\t\t\t\t\t<div class=\"e-con-inner\">\n\t\t<div class=\"elementor-element elementor-element-cfe7c05 e-con-full e-flex e-con e-child\" data-id=\"cfe7c05\" data-element_type=\"container\" data-e-type=\"container\">\n\t\t\t\t<div class=\"elementor-element elementor-element-52001ef fade-in-element elementor-widget elementor-widget-heading\" data-id=\"52001ef\" data-element_type=\"widget\" data-e-type=\"widget\" data-widget_type=\"heading.default\">\n\t\t\t\t<div class=\"elementor-widget-container\">\n\t\t\t\t\t<h2 class=\"elementor-heading-title elementor-size-default\">Simplificamos lo complejo, potenciamos lo esencial.<\/h2>\t\t\t\t<\/div>\n\t\t\t\t<\/div>\n\t\t\t\t<div class=\"elementor-element elementor-element-ce0405c elementor-widget__width-initial fade-in-element elementor-widget elementor-widget-text-editor\" data-id=\"ce0405c\" data-element_type=\"widget\" data-e-type=\"widget\" data-widget_type=\"text-editor.default\">\n\t\t\t\t<div class=\"elementor-widget-container\">\n\t\t\t\t\t\t\t\t\tEn Centraal, transformamos la complejidad digital en simplicidad poderosa. <span class=\"centraal-keyword-selection\">Nuestra pasi\u00f3n es crear soluciones innovadoras y centradas en las personas<\/span> que impulsan el verdadero progreso empresarial. <span class=\"centraal-keyword-selection\">No somos simples proveedores de servicios; somos sus aliados en la evoluci\u00f3n digital<\/span>, convirtiendo desaf\u00edos en oportunidades. Con cada proyecto, nos comprometemos a empoderar a nuestros clientes, descifrando el mundo digital para que trabaje a su favor. En Centraal, no solo construimos software; <span class=\"centraal-keyword-selection\">forjamos el futuro digital de su negocio.<\/span>\t\t\t\t\t\t\t\t<\/div>\n\t\t\t\t<\/div>\n\t\t\t\t<\/div>\n\t\t<div class=\"elementor-element elementor-element-12a6d00 e-con-full animated-slow fade-in-element e-flex elementor-invisible e-con e-child\" data-id=\"12a6d00\" data-element_type=\"container\" data-e-type=\"container\" data-settings=\"{&quot;animation&quot;:&quot;slideInUp&quot;,&quot;animation_delay&quot;:1000}\">\n\t\t<div class=\"elementor-element elementor-element-11392f5 e-con-full e-flex e-con e-child\" data-id=\"11392f5\" data-element_type=\"container\" data-e-type=\"container\" data-settings=\"{&quot;background_background&quot;:&quot;classic&quot;}\">\n\t\t\t\t<div class=\"elementor-element elementor-element-a3687a8 elementor-widget elementor-widget-heading\" data-id=\"a3687a8\" data-element_type=\"widget\" data-e-type=\"widget\" data-widget_type=\"heading.default\">\n\t\t\t\t<div class=\"elementor-widget-container\">\n\t\t\t\t\t<h3 class=\"elementor-heading-title elementor-size-default\">Contacto<\/h3>\t\t\t\t<\/div>\n\t\t\t\t<\/div>\n\t\t<div class=\"elementor-element elementor-element-a833485 e-con-full e-flex e-con e-child\" data-id=\"a833485\" data-element_type=\"container\" data-e-type=\"container\">\n\t\t\t\t<div class=\"elementor-element elementor-element-cf59a8d elementor-widget elementor-widget-heading\" data-id=\"cf59a8d\" data-element_type=\"widget\" data-e-type=\"widget\" data-widget_type=\"heading.default\">\n\t\t\t\t<div class=\"elementor-widget-container\">\n\t\t\t\t\t<h3 class=\"elementor-heading-title elementor-size-default\">Centraal Software Studio<\/h3>\t\t\t\t<\/div>\n\t\t\t\t<\/div>\n\t\t\t\t<div class=\"elementor-element elementor-element-039addf elementor-widget elementor-widget-text-editor\" data-id=\"039addf\" data-element_type=\"widget\" data-e-type=\"widget\" data-widget_type=\"text-editor.default\">\n\t\t\t\t<div class=\"elementor-widget-container\">\n\t\t\t\t\t\t\t\t\t<p class=\"font-rues--large filtro__titulo\">CENTRAAL SOLUCIONES S.A.S.<\/p>\n<p>NIT. 901.282.759-9<\/p>\n\n<p><a href=\"tel:+57%20300%20406%204440\">+57 300 406 4440<\/a><\/p>\n\n<p><a href=\"mailto:contacto@centraal.studio\">contacto@centraal.studio<\/a><\/p>\n\n<p>Calle 32C # 80-45 Int 303<\/p>\n<p>Medell\u00edn &#8211; Colombia<\/p>\t\t\t\t\t\t\t\t<\/div>\n\t\t\t\t<\/div>\n\t\t\t\t<\/div>\n\t\t\t\t<\/div>\n\t\t\t\t<\/div>\n\t\t\t\t\t<\/div>\n\t\t\t\t<\/div>\n\t\t\t\t<\/div>\n\t\t","protected":false},"excerpt":{"rendered":"<p>Sobre Centraal Software Studio Centraal es un estudio de software que se especializa en transformar desaf\u00edos digitales complejos en soluciones elegantes y efectivas. Somos arquitectos creativos de la transformaci\u00f3n digital, enfocados en empoderar a las empresas SAP-c\u00e9ntricas para alcanzar su m\u00e1ximo potencial. Simplificamos lo complejo, potenciamos lo esencial. En Centraal, transformamos la complejidad digital en [&hellip;]<\/p>\n","protected":false},"author":2,"featured_media":3170,"parent":0,"menu_order":0,"comment_status":"closed","ping_status":"closed","template":"elementor_header_footer","meta":{"_acf_changed":false,"footnotes":""},"class_list":["post-3169","page","type-page","status-publish","has-post-thumbnail","hentry"],"acf":[],"_links":{"self":[{"href":"https:\/\/centraal.studio\/es_co\/wp-json\/wp\/v2\/pages\/3169","targetHints":{"allow":["GET"]}}],"collection":[{"href":"https:\/\/centraal.studio\/es_co\/wp-json\/wp\/v2\/pages"}],"about":[{"href":"https:\/\/centraal.studio\/es_co\/wp-json\/wp\/v2\/types\/page"}],"author":[{"embeddable":true,"href":"https:\/\/centraal.studio\/es_co\/wp-json\/wp\/v2\/users\/2"}],"replies":[{"embeddable":true,"href":"https:\/\/centraal.studio\/es_co\/wp-json\/wp\/v2\/comments?post=3169"}],"version-history":[{"count":0,"href":"https:\/\/centraal.studio\/es_co\/wp-json\/wp\/v2\/pages\/3169\/revisions"}],"wp:featuredmedia":[{"embeddable":true,"href":"https:\/\/centraal.studio\/es_co\/wp-json\/wp\/v2\/media\/3170"}],"wp:attachment":[{"href":"https:\/\/centraal.studio\/es_co\/wp-json\/wp\/v2\/media?parent=3169"}],"curies":[{"name":"wp","href":"https:\/\/api.w.org\/{rel}","templated":true}]}}